{"id":1064,"date":"2022-10-24T14:25:01","date_gmt":"2022-10-24T12:25:01","guid":{"rendered":"https:\/\/123.in-mproduction.pl\/?post_type=product&#038;p=1064"},"modified":"2022-10-24T14:25:05","modified_gmt":"2022-10-24T12:25:05","slug":"produkt-testowy-3-kopia","status":"publish","type":"product","link":"http:\/\/123.in-mproduction.pl\/en\/product\/produkt-testowy-3-kopia\/","title":{"rendered":"Produkt testowy 3 (Kopia)"},"content":{"rendered":"<p>Opis produktu testowego 3<\/p>\n<p>Opis produktu testowego 3<\/p>\n<p>Opis produktu testowego 3<\/p>\n<p>Opis produktu testowego 3Opis produktu testowego 3Opis produktu testowego 3Opis produktu testowego 3Opis produktu testowego 3Opis produktu testowego 3Opis produktu testowego 3Opis produktu testowego 3Opis produktu testowego 3Opis produktu testowego 3Opis produktu testowego 3Opis produktu testowego 3<\/p>","protected":false},"excerpt":{"rendered":"<p>Kr\u00f3tki Opis produktu testowego 3<\/p>\n<p>Kr\u00f3tki Opis produktu testowego 3<\/p>\n<p>Kr\u00f3tki Opis produktu testowego 3<\/p>\n<p>Kr\u00f3tki Opis produktu testowego 3Kr\u00f3tki Opis produktu testowego 3Kr\u00f3tki Opis produktu testowego 3<\/p>","protected":false},"featured_media":674,"comment_status":"closed","ping_status":"closed","template":"","meta":[],"product_cat":[49],"product_tag":[],"class_list":["post-1064","product","type-product","status-publish","has-post-thumbnail","hentry","product_cat-artysta-3"],"_links":{"self":[{"href":"http:\/\/123.in-mproduction.pl\/en\/wp-json\/wp\/v2\/product\/1064","targetHints":{"allow":["GET"]}}],"collection":[{"href":"http:\/\/123.in-mproduction.pl\/en\/wp-json\/wp\/v2\/product"}],"about":[{"href":"http:\/\/123.in-mproduction.pl\/en\/wp-json\/wp\/v2\/types\/product"}],"replies":[{"embeddable":true,"href":"http:\/\/123.in-mproduction.pl\/en\/wp-json\/wp\/v2\/comments?post=1064"}],"wp:featuredmedia":[{"embeddable":true,"href":"http:\/\/123.in-mproduction.pl\/en\/wp-json\/wp\/v2\/media\/674"}],"wp:attachment":[{"href":"http:\/\/123.in-mproduction.pl\/en\/wp-json\/wp\/v2\/media?parent=1064"}],"wp:term":[{"taxonomy":"product_cat","embeddable":true,"href":"http:\/\/123.in-mproduction.pl\/en\/wp-json\/wp\/v2\/product_cat?post=1064"},{"taxonomy":"product_tag","embeddable":true,"href":"http:\/\/123.in-mproduction.pl\/en\/wp-json\/wp\/v2\/product_tag?post=1064"}],"curies":[{"name":"wp","href":"https:\/\/api.w.org\/{rel}","templated":true}]}}