{"id":44,"date":"2022-10-13T13:24:12","date_gmt":"2022-10-13T11:24:12","guid":{"rendered":"http:\/\/123.in-mproduction.pl\/?page_id=44"},"modified":"2023-02-14T14:49:29","modified_gmt":"2023-02-14T13:49:29","slug":"koszyk","status":"publish","type":"page","link":"http:\/\/123.in-mproduction.pl\/en\/koszyk\/","title":{"rendered":"Koszyk"},"content":{"rendered":"<div data-elementor-type=\"wp-page\" data-elementor-id=\"44\" class=\"elementor elementor-44\">\n\t\t\t\t\t\t\t\t\t<section class=\"elementor-section elementor-top-section elementor-element elementor-element-7dd6ab9 elementor-section-full_width elementor-section-height-default elementor-section-height-default\" data-id=\"7dd6ab9\" data-element_type=\"section\">\n\t\t\t\t\t\t<div class=\"elementor-container elementor-column-gap-default\">\n\t\t\t\t\t<div class=\"elementor-column elementor-col-100 elementor-top-column elementor-element elementor-element-d76e56c\" data-id=\"d76e56c\" data-element_type=\"column\">\n\t\t\t<div class=\"elementor-widget-wrap elementor-element-populated\">\n\t\t\t\t\t\t\t\t<div class=\"elementor-element elementor-element-1592d5a elementor-widget elementor-widget-heading\" data-id=\"1592d5a\" data-element_type=\"widget\" data-widget_type=\"heading.default\">\n\t\t\t\t<div class=\"elementor-widget-container\">\n\t\t\t<style>\/*! elementor - v3.8.1 - 13-11-2022 *\/\n.elementor-heading-title{padding:0;margin:0;line-height:1}.elementor-widget-heading .elementor-heading-title[class*=elementor-size-]>a{color:inherit;font-size:inherit;line-height:inherit}.elementor-widget-heading .elementor-heading-title.elementor-size-small{font-size:15px}.elementor-widget-heading .elementor-heading-title.elementor-size-medium{font-size:19px}.elementor-widget-heading .elementor-heading-title.elementor-size-large{font-size:29px}.elementor-widget-heading .elementor-heading-title.elementor-size-xl{font-size:39px}.elementor-widget-heading .elementor-heading-title.elementor-size-xxl{font-size:59px}<\/style><h2 class=\"elementor-heading-title elementor-size-default\">Koszyk<\/h2>\t\t<\/div>\n\t\t\t\t<\/div>\n\t\t\t\t\t<\/div>\n\t\t<\/div>\n\t\t\t\t\t\t\t<\/div>\n\t\t<\/section>\n\t\t\t\t<section class=\"elementor-section elementor-top-section elementor-element elementor-element-4973d26 elementor-section-full_width elementor-section-height-default elementor-section-height-default\" data-id=\"4973d26\" data-element_type=\"section\">\n\t\t\t\t\t\t<div class=\"elementor-container elementor-column-gap-default\">\n\t\t\t\t\t<div class=\"elementor-column elementor-col-100 elementor-top-column elementor-element elementor-element-47bac1d\" data-id=\"47bac1d\" data-element_type=\"column\">\n\t\t\t<div class=\"elementor-widget-wrap elementor-element-populated\">\n\t\t\t\t\t\t\t\t\t<\/div>\n\t\t<\/div>\n\t\t\t\t\t\t\t<\/div>\n\t\t<\/section>\n\t\t\t\t\t\t\t<\/div>","protected":false},"excerpt":{"rendered":"<p>Koszyk Usu\u0144 element Thumbnail image Produkt Cena Ilo\u015b\u0107 Kwota \u00d7 Produkt testowy 3 (Kopia) (Kopia) (Kopia) 100.00z\u0142 ilo\u015b\u0107 Produkt testowy 3 (Kopia) (Kopia) (Kopia) 100.00z\u0142 ZASTOSUJ PODSUMOWANIE Kwota 100.00z\u0142 Wysy\u0142ka Darmowa dostawa Odbi\u00f3r osobisty P\u0142aska stawka: 11.00z\u0142 Metody wysy\u0142ki zostan\u0105 zaktualizowane podczas sk\u0142adania zam\u00f3wienia. Oblicz koszty wysy\u0142ki Kraj \/ region: Wybierz kraj\/region\u2026AfganistanAlbaniaAlgieriaAndoraAngolaAnguillaAntarktydaAntigua i BarbudaArabia SaudyjskaArgentynaArmeniaArubaAustraliaAustriaAzerbejd\u017canBahamyBahrajnBangladeszBarbadosBelauBelgiaBelizeBeninBermudyBhutanBia\u0142oru\u015bBoliwiaBo\u015bnia [&hellip;]<\/p>","protected":false},"author":1,"featured_media":0,"parent":0,"menu_order":0,"comment_status":"closed","ping_status":"closed","template":"elementor_header_footer","meta":{"footnotes":""},"class_list":["post-44","page","type-page","status-publish","hentry"],"_links":{"self":[{"href":"http:\/\/123.in-mproduction.pl\/en\/wp-json\/wp\/v2\/pages\/44","targetHints":{"allow":["GET"]}}],"collection":[{"href":"http:\/\/123.in-mproduction.pl\/en\/wp-json\/wp\/v2\/pages"}],"about":[{"href":"http:\/\/123.in-mproduction.pl\/en\/wp-json\/wp\/v2\/types\/page"}],"author":[{"embeddable":true,"href":"http:\/\/123.in-mproduction.pl\/en\/wp-json\/wp\/v2\/users\/1"}],"replies":[{"embeddable":true,"href":"http:\/\/123.in-mproduction.pl\/en\/wp-json\/wp\/v2\/comments?post=44"}],"version-history":[{"count":58,"href":"http:\/\/123.in-mproduction.pl\/en\/wp-json\/wp\/v2\/pages\/44\/revisions"}],"predecessor-version":[{"id":2381,"href":"http:\/\/123.in-mproduction.pl\/en\/wp-json\/wp\/v2\/pages\/44\/revisions\/2381"}],"wp:attachment":[{"href":"http:\/\/123.in-mproduction.pl\/en\/wp-json\/wp\/v2\/media?parent=44"}],"curies":[{"name":"wp","href":"https:\/\/api.w.org\/{rel}","templated":true}]}}