{"id":3,"date":"2022-10-13T12:27:01","date_gmt":"2022-10-13T10:27:01","guid":{"rendered":"http:\/\/123.in-mproduction.pl\/?page_id=3"},"modified":"2022-11-24T12:49:08","modified_gmt":"2022-11-24T11:49:08","slug":"polityka-prywatnosci","status":"publish","type":"page","link":"http:\/\/123.in-mproduction.pl\/en\/polityka-prywatnosci\/","title":{"rendered":"Polityka prywatno\u015bci"},"content":{"rendered":"<div data-elementor-type=\"wp-page\" data-elementor-id=\"3\" class=\"elementor elementor-3\">\n\t\t\t\t\t\t\t\t\t<section class=\"elementor-section elementor-top-section elementor-element elementor-element-dde805e elementor-section-full_width elementor-section-height-default elementor-section-height-default\" data-id=\"dde805e\" data-element_type=\"section\">\n\t\t\t\t\t\t<div class=\"elementor-container elementor-column-gap-default\">\n\t\t\t\t\t<div class=\"elementor-column elementor-col-100 elementor-top-column elementor-element elementor-element-b6d7018\" data-id=\"b6d7018\" data-element_type=\"column\">\n\t\t\t<div class=\"elementor-widget-wrap elementor-element-populated\">\n\t\t\t\t\t\t\t\t<div class=\"elementor-element elementor-element-e719e2c elementor-widget elementor-widget-heading\" data-id=\"e719e2c\" data-element_type=\"widget\" data-widget_type=\"heading.default\">\n\t\t\t\t<div class=\"elementor-widget-container\">\n\t\t\t<style>\/*! elementor - v3.8.1 - 13-11-2022 *\/\n.elementor-heading-title{padding:0;margin:0;line-height:1}.elementor-widget-heading .elementor-heading-title[class*=elementor-size-]>a{color:inherit;font-size:inherit;line-height:inherit}.elementor-widget-heading .elementor-heading-title.elementor-size-small{font-size:15px}.elementor-widget-heading .elementor-heading-title.elementor-size-medium{font-size:19px}.elementor-widget-heading .elementor-heading-title.elementor-size-large{font-size:29px}.elementor-widget-heading .elementor-heading-title.elementor-size-xl{font-size:39px}.elementor-widget-heading .elementor-heading-title.elementor-size-xxl{font-size:59px}<\/style><h2 class=\"elementor-heading-title elementor-size-default\">Polityka prywatno\u015bci<\/h2>\t\t<\/div>\n\t\t\t\t<\/div>\n\t\t\t\t\t<\/div>\n\t\t<\/div>\n\t\t\t\t\t\t\t<\/div>\n\t\t<\/section>\n\t\t\t\t<section class=\"elementor-section elementor-top-section elementor-element elementor-element-aafc034 elementor-section-full_width elementor-section-height-default elementor-section-height-default\" data-id=\"aafc034\" data-element_type=\"section\">\n\t\t\t\t\t\t<div class=\"elementor-container elementor-column-gap-default\">\n\t\t\t\t\t<div class=\"elementor-column elementor-col-100 elementor-top-column elementor-element elementor-element-9126da1\" data-id=\"9126da1\" data-element_type=\"column\">\n\t\t\t<div class=\"elementor-widget-wrap elementor-element-populated\">\n\t\t\t\t\t\t\t\t<div class=\"elementor-element elementor-element-42ac8bc elementor-widget elementor-widget-text-editor\" data-id=\"42ac8bc\" data-element_type=\"widget\" data-widget_type=\"text-editor.default\">\n\t\t\t\t<div class=\"elementor-widget-container\">\n\t\t\t<style>\/*! elementor - v3.8.1 - 13-11-2022 *\/\n.elementor-widget-text-editor.elementor-drop-cap-view-stacked .elementor-drop-cap{background-color:#818a91;color:#fff}.elementor-widget-text-editor.elementor-drop-cap-view-framed .elementor-drop-cap{color:#818a91;border:3px solid;background-color:transparent}.elementor-widget-text-editor:not(.elementor-drop-cap-view-default) .elementor-drop-cap{margin-top:8px}.elementor-widget-text-editor:not(.elementor-drop-cap-view-default) .elementor-drop-cap-letter{width:1em;height:1em}.elementor-widget-text-editor .elementor-drop-cap{float:left;text-align:center;line-height:1;font-size:50px}.elementor-widget-text-editor .elementor-drop-cap-letter{display:inline-block}<\/style>\t\t\t\t<p><!-- wp:heading --><\/p>\n<p><span style=\"color: var( --e-global-color-text ); font-family: var( --e-global-typography-text-font-family ), Sans-serif; font-size: 1rem;\">Ochrona danych osobowych Klient\u00f3w serwisu internetowego Impact Gallery jest dla naszej Galerii spraw\u0105 najwy\u017cszej wagi. Dok\u0142adamy wszelkich stara\u0144, by U\u017cytkownicy czuli si\u0119 bezpiecznie, powierzaj\u0105c przetwarzanie swoich danych osobowych w trakcie korzystania z serwisu internetowego naszej Galerii.<\/span><\/p>\n<p style=\"font-weight: 400;\">Niniejsza Polityka prywatno\u015bci wyja\u015bnia zasady i zakres przetwarzania danych osobowych Klient\u00f3w, przys\u0142uguj\u0105ce im prawa, jak te\u017c opisuje obowi\u0105zki administratora tych danych, a tak\u017ce informuje o u\u017cywaniu plik\u00f3w cookies.<\/p>\n<p style=\"font-weight: 400;\"><strong style=\"color: var( --e-global-color-text ); font-family: var( --e-global-typography-text-font-family ), Sans-serif;\">Podstawa prawna przetwarzania danych osobowych<\/strong><\/p>\n<p style=\"font-weight: 400;\">W poszanowaniu prawa do prywatno\u015bci Klient\u00f3w Impact Gallery dba o bezpiecze\u0144stwo powierzonych mu danych osobowych i przetwarza je zgodnie z wymogami Rozporz\u0105dzenia Parlamentu Europejskiego i Rady (UE) 2016\/679 z dnia 27 kwietnia 2016 roku, w sprawie ochrony os\u00f3b fizycznych w zwi\u0105zku z przetwarzaniem danych osobowych i w sprawie swobodnego przep\u0142ywu takich danych oraz uchylenia dyrektywy 95\/46\/WE (og\u00f3lne rozporz\u0105dzenie o ochronie danych) oraz ustawy z dnia 29 sierpnia 1997 roku o ochronie danych osobowych oraz innymi regulacjami prawa.\u00a0<\/p>\n<p style=\"font-weight: 400;\"><strong style=\"color: var( --e-global-color-text ); font-family: var( --e-global-typography-text-font-family ), Sans-serif;\">Administrator danych osobowych<\/strong><\/p>\n<ol>\n<li>Administratorem danych osobowych jest Impact Gallery Sp. z o.o. z siedzib\u0105 przy ul. Ogrodowej 74, 32-080 Ujazd, wpisana do rejestru przedsi\u0119biorc\u00f3w prowadzonego przez S\u0105d Rejonowy w Krakowie, Wydzia\u0142 XII Gospodarczy, pod numerem KRS 00009955606, NIP 5130281425, adres poczty elektronicznej (e-mail): galeria@ig.pl (zwana dalej Administratorem lub Galeri\u0105).<\/li>\n<li>Administrator dok\u0142ada nale\u017cytej staranno\u015bci w celu ochrony interes\u00f3w os\u00f3b, kt\u00f3rych dane dotycz\u0105, a w szczeg\u00f3lno\u015bci zapewnia, \u017ce zbierane przez niego dane s\u0105:\n<ol>\n<li>przetwarzane zgodnie z prawem,<\/li>\n<li>zbierane dla oznaczonych, zgodnych z prawem cel\u00f3w i niepoddawane dalszemu przetwarzaniu niezgodnemu z tymi celami,<\/li>\n<li>merytorycznie poprawne i adekwatne w stosunku do cel\u00f3w, w jakich s\u0105 przetwarzane oraz przechowywane w postaci umo\u017cliwiaj\u0105cej identyfikacj\u0119 os\u00f3b, kt\u00f3rych dotycz\u0105, nie d\u0142u\u017cej ni\u017c jest to niezb\u0119dne do osi\u0105gni\u0119cia celu przetwarzania.\u00a0<\/li>\n<\/ol>\n<\/li>\n<\/ol>\n<div>\u00a0<\/div>\n<div><span style=\"color: var( --e-global-color-text ); font-family: var( --e-global-typography-text-font-family ), Sans-serif;\"><b>Cel przetwarzania danych osobowych i ich zakres<\/b><\/span><\/div>\n<div><span style=\"color: var( --e-global-color-text ); font-family: var( --e-global-typography-text-font-family ), Sans-serif;\"><b>\u00a0<\/b><\/span><\/div>\n<ol>\n<li>Dane osobowe U\u017cytkownik\u00f3w, zbierane przez Administratora, s\u0105 wykorzystywane w celu kontaktowania si\u0119 z U\u017cytkownikami oraz innych czynno\u015bci zwi\u0105zanych ze aktywno\u015bci\u0105 U\u017cytkownika w Galerii <a href=\"http:\/\/www.impactgallery.pl\/\">impactgallery.pl<\/a>.<\/li>\n<li>Galeria przetwarza Twoje dane osobowe, poniewa\u017c jest to niezb\u0119dne do:\n<ol>\n<li>realizacji zam\u00f3wienia oraz p\u0142atno\u015bci,<\/li>\n<li>obs\u0142ugi Twoich pr\u00f3\u015bb przekazywanych pracownikom Galerii,<\/li>\n<li>obs\u0142ugi zg\u0142osze\u0144, kt\u00f3re do nas kierujesz (np. przez formularz kontaktowy),<\/li>\n<li>subskrypcji oraz wysy\u0142ki newslettera,<\/li>\n<li>obs\u0142ugi reklamacji w przypadku, gdy z\u0142o\u017cysz tak\u0105 reklamacj\u0119,<\/li>\n<li>przechowywania danych dla cel\u00f3w archiwizacyjnych oraz zapewnienie rozliczalno\u015bci (wykazania spe\u0142nienia przez Galeri\u0119 obowi\u0105zk\u00f3w wynikaj\u0105cych z przepis\u00f3w prawa),<\/li>\n<li>windykacji nale\u017cno\u015bci, prowadzenia post\u0119powa\u0144 s\u0105dowych, arbitra\u017cowych i mediacyjnych, o ile takie maj\u0105 miejsce.<\/li>\n<\/ol>\n<\/li>\n<li>Dodatkowo, przepisy prawa wymagaj\u0105 od nas przetwarzania Twoich danych dla cel\u00f3w podatkowych i rachunkowych, a tak\u017ce przeciwdzia\u0142ania praniu pieni\u0119dzy oraz finansowaniu terroryzmu.<\/li>\n<li>Administrator przetwarza dane U\u017cytkownik\u00f3w w celu analizy ich zachowania na stronie, w tym tworzenie statystyk i dostosowywanie tre\u015bci strony (tj. sekcji proponowane obrazy) do profilu U\u017cytkownika: wyszukiwane has\u0142a, klikane obrazy, informacja o lokalizacji oraz adres IP, dane o ustawieniach sprz\u0119tu, typie i j\u0119zyku przegl\u0105darki, datach i godzinach przesy\u0142anych \u017c\u0105da\u0144 oraz odsy\u0142aj\u0105cych adresach URL. Administrator korzysta z us\u0142ug oferowanych przez serwisy internetowe social media i Google polegaj\u0105cych na reklamie do wybranej grupy odbiorc\u00f3w. Serwis nie ponosi odpowiedzialno\u015bci za zasady ochrony prywatno\u015bci na nich obowi\u0105zuj\u0105ce.<\/li>\n<li>Twoje dane osobowe s\u0105 r\u00f3wnie\u017c przetwarzane przez Administratora w celu prowadzenia dzia\u0142a\u0144 marketingowych, w tym prowadzenia marketingu bezpo\u015bredniego towar\u00f3w i us\u0142ug oferowanych przez nasz\u0105 Galeri\u0119, tak\u017ce przez e-mail oraz telefon, o ile wyrazisz na to zgod\u0119.<\/li>\n<li>Je\u015bli si\u0119 na to zgodzisz, Administrator przetwarza Twoje dane osobowe w celu zapisywania danych w plikach cookies, gromadzenia danych ze stron www.<\/li>\n<li>Administrator przetwarza nast\u0119puj\u0105ce dane osobowe U\u017cytkownik\u00f3w:\n<ol>\n<li>imi\u0119 i nazwisko \/ nazwa firmy,<\/li>\n<li>adres e-mail,<\/li>\n<li>numer telefonu,<\/li>\n<li>adres, na jaki ma zosta\u0107 wys\u0142any produkt.<\/li>\n<\/ol>\n<\/li>\n<li>Administrator nie gromadzi danych identyfikacyjnych zwi\u0105zanych z przekazywaniem login\u00f3w, hase\u0142 oraz numer\u00f3w i kod\u00f3w instrument\u00f3w p\u0142atniczych: karty kredytowe, karty p\u0142atnicze, numery kont bankowych, dane logowania do system\u00f3w p\u0142atniczych (login i has\u0142o).<\/li>\n<\/ol>\n<div>\u00a0<\/div>\n<div><span style=\"color: var( --e-global-color-text ); font-family: var( --e-global-typography-text-font-family ), Sans-serif;\"><b>Prawa przys\u0142uguj\u0105ce U\u017cytkownikowi<\/b><\/span><\/div>\n<div>\u00a0<\/div>\n<ol>\n<li>U\u017cytkownik ma prawo dost\u0119pu do tre\u015bci swoich danych osobowych oraz ich poprawiania.<\/li>\n<li>Zgod\u0119 na przetwarzanie danych osobowych, U\u017cytkownik mo\u017ce wycofa\u0107 w ka\u017cdym momencie.<\/li>\n<li>Administrator b\u0119dzie przetwarza\u0107 dane osobowe U\u017cytkownika dop\u00f3ki nie wycofa on zgody lub do momentu, kiedy wygasa obowi\u0105zek przetwarzania danych U\u017cytkownika, na\u0142o\u017cony na Administratora powszechnie obowi\u0105zuj\u0105cymi przepisami prawa.<\/li>\n<li>U\u017cytkownikowi przys\u0142uguje prawo do kontroli przetwarzania swoich danych, zawartych w zbiorze danych Administratora, a zw\u0142aszcza prawo do \u017c\u0105dania uzupe\u0142nienia, uaktualnienia, sprostowania danych osobowych, czasowego lub sta\u0142ego wstrzymania ich przetwarzania lub ich usuni\u0119cia, je\u017celi s\u0105 one niekompletne, nieaktualne, nieprawdziwe lub zosta\u0142y zebrane z naruszeniem ustawy albo s\u0105 ju\u017c zb\u0119dne do realizacji celu, dla kt\u00f3rego zosta\u0142y zebrane.<\/li>\n<li>W celu skorzystania z powy\u017cszych praw nale\u017cy przes\u0142a\u0107 stosown\u0105 wiadomo\u015b\u0107 na adres e-mail: <a href=\"mailto:galeria@ig.pl\">galeria@ig.pl<\/a>.<\/li>\n<\/ol>\n<div><span style=\"color: var( --e-global-color-text ); font-family: var( --e-global-typography-text-font-family ), Sans-serif;\">\u00a0<\/span><\/div>\n<div><span style=\"color: var( --e-global-color-text ); font-family: var( --e-global-typography-text-font-family ), Sans-serif;\"><b>Powierzenie przetwarzania danych innym podmiotom<\/b><\/span><\/div>\n<div>\u00a0<\/div>\n<ol>\n<li>Administrator mo\u017ce powierza\u0107 przetwarzanie danych osobowych U\u017cytkownik\u00f3w podmiotom wsp\u00f3\u0142pracuj\u0105cym z Galeri\u0105, jedynie w zakresie niezb\u0119dnym do realizacji transakcji. Oznacza to, \u017ce dane osobowe Klient\u00f3w mog\u0105 by\u0107 jedynie przekazane firmom kurierskim lub operatorom pocztowym wy\u0142\u0105cznie w celu realizacji zam\u00f3wienia.<\/li>\n<li>W szczeg\u00f3lnych sytuacjach przewidzianych polskim prawem dane osobowe mog\u0105 by\u0107 udost\u0119pniane instytucjom i organom pa\u0144stwowym.<\/li>\n<li>Poza celami wskazanymi w niniejszej Polityce dane osobowe U\u017cytkownik\u00f3w nie b\u0119d\u0105 w \u017caden spos\u00f3b udost\u0119pniane osobom trzecim, ani przekazywane innym podmiotom, w celu przesy\u0142ania materia\u0142\u00f3w marketingowych tych os\u00f3b trzecich.<\/li>\n<\/ol>\n<div>\u00a0<\/div>\n<div><b>Pliki cookies<\/b><\/div>\n<div>\u00a0<\/div>\n<ol>\n<li>Serwis internetowy Impact Gallery u\u017cywa plik\u00f3w \u201ecookies\u201d. Brak zmiany ustawie\u0144 przegl\u0105darki po stronie U\u017cytkownika jest r\u00f3wnoznaczny z wyra\u017ceniem zgody na ich u\u017cycie.<\/li>\n<li>Instalacja plik\u00f3w \u201ecookies\u201d jest konieczna do prawid\u0142owego \u015bwiadczenia us\u0142ug w Galerii. W plikach \u201ecookies&#8221; znajduj\u0105 si\u0119 informacje niezb\u0119dne do prawid\u0142owego funkcjonowania Galerii, w szczeg\u00f3lno\u015bci tych wymagaj\u0105cych autoryzacji.<\/li>\n<li>Pragniemy zwr\u00f3ci\u0107 uwag\u0119 na fakt, i\u017c bez umieszczenia plik\u00f3w \u201ecookies\u201d w urz\u0105dzeniu U\u017cytkownika nie jeste\u015bmy w stanie oferowa\u0107 w pe\u0142ni funkcjonalno\u015bci naszego serwisu. Z tego wzgl\u0119du U\u017cytkownicy wyra\u017caj\u0105 zgod\u0119 na stosowanie przez nas plik\u00f3w \u201ecookies\u201d podczas korzystania z naszego serwisu za pomoc\u0105 domy\u015blnych ustawie\u0144 przegl\u0105darki (zgodnie z art. 173 ust. 2 Ustawy Prawo Telekomunikacyjne).<\/li>\n<li>Serwis internetowy Impact Gallery wykorzystuje 3 typy plik\u00f3w \u201ecookies\u201d:\n<ol>\n<li>\u201ecookies sesyjne\u201d s\u0105 plikami tymczasowymi, kt\u00f3re przechowywane s\u0105 w urz\u0105dzeniu ko\u0144cowym u\u017cytkownika do czasu opuszczenia serwisu Galerii. Po zako\u0144czeniu sesji informacje s\u0105 trwale usuwane z pami\u0119ci urz\u0105dzenia. Mechanizm tych plik\u00f3w nie pozwala na pobieranie jakichkolwiek danych osobowych czy informacji poufnych z urz\u0105dzenia U\u017cytkownika,<\/li>\n<li>\u201ecookies trwa\u0142e\u201d przechowywane s\u0105 w urz\u0105dzeniu ko\u0144cowym U\u017cytkownika przez czas okre\u015blony w parametrach plik\u00f3w \u201ecookies\u201d lub do czasu ich usuni\u0119cia przez U\u017cytkownika. Zako\u0144czenie sesji danej przegl\u0105darki lub wy\u0142\u0105czenie urz\u0105dzenia nie powoduje ich usuni\u0119cia z urz\u0105dzenia U\u017cytkownika. Mechanizm \u201ecookies trwa\u0142ych\u201d nie pozwala na pobieranie jakichkolwiek danych osobowych ani \u017cadnych informacji poufnych z Urz\u0105dzenia U\u017cytkownika,<\/li>\n<li>\u201ecookies analityczne\u201d umo\u017cliwiaj\u0105 lepsze poznanie sposobu interakcji U\u017cytkownika w zakresie zawarto\u015bci Galerii, lepiej zorganizowa\u0107 jego uk\u0142ad. \u201cAnalityczne cookies\u201d gromadz\u0105 informacje o sposobie korzystania z Galerii, typie strony, z jakiej U\u017cytkownik zosta\u0142 przekierowany, oraz liczbie odwiedzin i czasie wizyty U\u017cytkownika na stronie Galerii. Informacje te nie rejestruj\u0105 konkretnych danych osobowych U\u017cytkownika, lecz s\u0142u\u017c\u0105 do opracowania statystyk korzystania z Galerii.<\/li>\n<\/ol>\n<\/li>\n<li>U\u017cytkownik ma prawo zadecydowania w zakresie dost\u0119pu plik\u00f3w \u201ecookies\u201d do swojego komputera lub innego urz\u0105dzenia, z kt\u00f3rego korzysta, poprzez ich uprzedni wyb\u00f3r w oknie swojej przegl\u0105darki.\u00a0 Szczeg\u00f3\u0142owe informacje o mo\u017cliwo\u015bci i sposobach obs\u0142ugi plik\u00f3w \u201ecookies\u201d dost\u0119pne s\u0105 w ustawieniach oprogramowania (przegl\u0105darki internetowej).<\/li>\n<\/ol>\n<div><b>\u00a0<\/b><\/div>\n<div><span style=\"color: var( --e-global-color-text ); font-family: var( --e-global-typography-text-font-family ), Sans-serif;\"><b>Postanowienia ko\u0144cowe<\/b><\/span><b><br \/><\/b><\/div>\n<div><b>\u00a0<\/b><\/div>\n<ol>\n<li>Administrator stosuje \u015brodki techniczne i organizacyjne zapewniaj\u0105ce ochron\u0119 przetwarzanych danych osobowych odpowiedni\u0105 do zagro\u017ce\u0144 oraz kategorii danych obj\u0119tych ochron\u0105, a w szczeg\u00f3lno\u015bci zabezpiecza dane przed ich udost\u0119pnieniem osobom nieupowa\u017cnionym, zabraniem przez osob\u0119 nieuprawnion\u0105, przetwarzaniem z naruszeniem obowi\u0105zuj\u0105cych przepis\u00f3w oraz zmian\u0105, utrat\u0105, uszkodzeniem lub zniszczeniem.<\/li>\n<li>Niniejsza Polityka prywatno\u015bci jest zgodna z przepisami wynikaj\u0105cymi z art. 13 ust. 1 i ust. 2 rozporz\u0105dzenia RODO.<\/li>\n<li>W sprawach nieuregulowanych niniejsz\u0105 Polityk\u0105 prywatno\u015bci stosuje si\u0119 w\u0142a\u015bciwe przepisy prawa polskiego.<\/li>\n<\/ol>\n<p><!-- \/wp:paragraph --><\/p>\t\t\t\t\t\t<\/div>\n\t\t\t\t<\/div>\n\t\t\t\t\t<\/div>\n\t\t<\/div>\n\t\t\t\t\t\t\t<\/div>\n\t\t<\/section>\n\t\t\t\t\t\t\t<\/div>","protected":false},"excerpt":{"rendered":"<p>Polityka prywatno\u015bci Ochrona danych osobowych Klient\u00f3w serwisu internetowego Impact Gallery jest dla naszej Galerii spraw\u0105 najwy\u017cszej wagi. Dok\u0142adamy wszelkich stara\u0144, by U\u017cytkownicy czuli si\u0119 bezpiecznie, powierzaj\u0105c przetwarzanie swoich danych osobowych w trakcie korzystania z serwisu internetowego naszej Galerii. Niniejsza Polityka prywatno\u015bci wyja\u015bnia zasady i zakres przetwarzania danych osobowych Klient\u00f3w, przys\u0142uguj\u0105ce im prawa, jak te\u017c opisuje [&hellip;]<\/p>","protected":false},"author":1,"featured_media":0,"parent":0,"menu_order":0,"comment_status":"closed","ping_status":"closed","template":"elementor_header_footer","meta":{"footnotes":""},"class_list":["post-3","page","type-page","status-publish","hentry"],"_links":{"self":[{"href":"http:\/\/123.in-mproduction.pl\/en\/wp-json\/wp\/v2\/pages\/3","targetHints":{"allow":["GET"]}}],"collection":[{"href":"http:\/\/123.in-mproduction.pl\/en\/wp-json\/wp\/v2\/pages"}],"about":[{"href":"http:\/\/123.in-mproduction.pl\/en\/wp-json\/wp\/v2\/types\/page"}],"author":[{"embeddable":true,"href":"http:\/\/123.in-mproduction.pl\/en\/wp-json\/wp\/v2\/users\/1"}],"replies":[{"embeddable":true,"href":"http:\/\/123.in-mproduction.pl\/en\/wp-json\/wp\/v2\/comments?post=3"}],"version-history":[{"count":19,"href":"http:\/\/123.in-mproduction.pl\/en\/wp-json\/wp\/v2\/pages\/3\/revisions"}],"predecessor-version":[{"id":2165,"href":"http:\/\/123.in-mproduction.pl\/en\/wp-json\/wp\/v2\/pages\/3\/revisions\/2165"}],"wp:attachment":[{"href":"http:\/\/123.in-mproduction.pl\/en\/wp-json\/wp\/v2\/media?parent=3"}],"curies":[{"name":"wp","href":"https:\/\/api.w.org\/{rel}","templated":true}]}}